{"id":164,"date":"2012-03-06T21:24:25","date_gmt":"2012-03-06T20:24:25","guid":{"rendered":"http:\/\/dev.zighed.com\/blog\/?page_id=164"},"modified":"2012-03-26T08:43:52","modified_gmt":"2012-03-26T06:43:52","slug":"membre-de-board","status":"publish","type":"page","link":"https:\/\/dev.zighed.com\/?page_id=164","title":{"rendered":"Associations"},"content":{"rendered":"<ul>\n<li>Association <a href=\"http:\/\/www.egc.asso.fr\/\">EGC<\/a><\/li>\n<ul>\n<li>Co-Fondateur 2003<\/li>\n<li>Vice Pr\u00e9sident de 2003-2006, depuis 2011<\/li>\n<li>Pr\u00e9sident de 2007-2011<\/li>\n<\/ul>\n<li>Association RNTI<\/li>\n<ul>\n<li>Co-fondateur 2010<\/li>\n<li>Pr\u00e9sident depuis 2010<\/li>\n<\/ul>\n<li>Soci\u00e9t\u00e9 Fran\u00e7aise de Classification (<a href=\"http:\/\/www.sfc-classification.net\/\">SFC<\/a>)<\/li>\n<ul>\n<li>Vice Pr\u00e9sident : 2003-2007<\/li>\n<\/ul>\n<li>International Association for Statistical Computing \u00a0(<a href=\"http:\/\/isi.cbs.nl\/\">IASC<\/a>)<\/li>\n<ul>\n<li>En charge des relations avec la communaut\u00e9 apprentissage (2005-2009)<\/li>\n<li>membre du bureau de la Section R\u00e9gional Europ\u00e9en de l&rsquo;IASC (2005-2009)<\/li>\n<\/ul>\n<\/ul>\n","protected":false},"excerpt":{"rendered":"<p>Association EGC Co-Fondateur 2003 Vice Pr\u00e9sident de 2003-2006, depuis 2011 Pr\u00e9sident de 2007-2011 Association RNTI Co-fondateur 2010 Pr\u00e9sident depuis 2010 Soci\u00e9t\u00e9 Fran\u00e7aise de Classification (SFC) Vice Pr\u00e9sident : 2003-2007 International Association for Statistical Computing \u00a0(IASC) En charge des relations avec la communaut\u00e9 apprentissage (2005-2009) membre du bureau de la Section R\u00e9gional Europ\u00e9en de l&rsquo;IASC (2005-2009)<\/p>\n","protected":false},"author":1,"featured_media":0,"parent":148,"menu_order":1,"comment_status":"closed","ping_status":"open","template":"","meta":{"footnotes":""},"class_list":["post-164","page","type-page","status-publish","hentry"],"_links":{"self":[{"href":"https:\/\/dev.zighed.com\/index.php?rest_route=\/wp\/v2\/pages\/164","targetHints":{"allow":["GET"]}}],"collection":[{"href":"https:\/\/dev.zighed.com\/index.php?rest_route=\/wp\/v2\/pages"}],"about":[{"href":"https:\/\/dev.zighed.com\/index.php?rest_route=\/wp\/v2\/types\/page"}],"author":[{"embeddable":true,"href":"https:\/\/dev.zighed.com\/index.php?rest_route=\/wp\/v2\/users\/1"}],"replies":[{"embeddable":true,"href":"https:\/\/dev.zighed.com\/index.php?rest_route=%2Fwp%2Fv2%2Fcomments&post=164"}],"version-history":[{"count":0,"href":"https:\/\/dev.zighed.com\/index.php?rest_route=\/wp\/v2\/pages\/164\/revisions"}],"up":[{"embeddable":true,"href":"https:\/\/dev.zighed.com\/index.php?rest_route=\/wp\/v2\/pages\/148"}],"wp:attachment":[{"href":"https:\/\/dev.zighed.com\/index.php?rest_route=%2Fwp%2Fv2%2Fmedia&parent=164"}],"curies":[{"name":"wp","href":"https:\/\/api.w.org\/{rel}","templated":true}]}}